{"id":14,"date":"2022-05-28T20:10:53","date_gmt":"2022-05-28T18:10:53","guid":{"rendered":"https:\/\/www.albertsalvia.com\/?page_id=14"},"modified":"2022-12-30T19:20:19","modified_gmt":"2022-12-30T18:20:19","slug":"despacho","status":"publish","type":"page","link":"https:\/\/www.albertsalvia.com\/es\/despacho\/","title":{"rendered":"Despacho"},"content":{"rendered":"\n<div style=\"height:31px\" aria-hidden=\"true\" class=\"wp-block-spacer\"><\/div>\n\n\n\n<h2 class=\"wp-block-heading\">ALBERT SALVIA<br>dise\u00f1ador de interiores<\/h2>\n\n\n\n<p>COL\u00b7LEGI DE DISSENYADORS D\u2019INTERIORS I DECORADORS DE CATALUNYA <br>N\u00ba 1276<\/p>\n\n\n\n<div style=\"height:45px\" aria-hidden=\"true\" class=\"wp-block-spacer separador45\"><\/div>\n\n\n\n<h3 class=\"wp-block-heading\">Un largo recorrido profesional<\/h3>\n\n\n\n<p>Diplomado en dise\u00f1o con la especialidad de interiorismo y colegiado en el CoDIC desde hace m\u00e1s de 10 a\u00f1os, ALBERT SALVIA dise\u00f1ador de interiores ofrece su experiencia, proximidad, adaptabilidad, capacidad de trabajo en equipo y de controlar los presupuestos del proyecto. Con conocimientos siempre actualizados en dise\u00f1o, materiales de construcci\u00f3n, mobiliario, etc\u00e9tera, para conseguir que el proceso de conversi\u00f3n de los espacios resulte despreocupado y satisfactorio.<\/p>\n\n\n\n<p>El objetivo es el de crear interiores en los que estar a gusto, de los que sentirse orgulloso y que se quieran compartir. Un dise\u00f1ador con car\u00e1cter propio, decoro y sensibilidad para destacar aquello que pertoca en cada espacio, integrar a la perfecci\u00f3 y prescindir de aquello que sobre.<\/p>\n\n\n\n<p>Con una trayectoria muy variada:<\/p>\n\n\n\n<ul class=\"wp-block-list\">\n<li>En la que destacan <strong>hogares con un plus<\/strong>, una vivienda sana, que cubre las necesidades espec\u00edficas de cada familia.<\/li>\n\n\n\n<li><strong>Especializaci\u00f3n en el campo de la restauraci\u00f3n<\/strong>, con restaurantes que hablan de aquello que pasa en la cocina y cafeter\u00edas que invitan a entrar.<\/li>\n\n\n\n<li>Locales comerciales y <strong>tiendas con una sensibilidad <\/strong>especial por aquello que se ofrece.<\/li>\n\n\n\n<li><strong>Proyectos contract<\/strong> en los que se pretende explicar la filosof\u00eda de empresa y crear espacios representativos en los que de gusto trabajar.<\/li>\n<\/ul>\n","protected":false},"excerpt":{"rendered":"<p>ALBERT SALVIAdise\u00f1ador de interiores COL\u00b7LEGI DE DISSENYADORS D\u2019INTERIORS I DECORADORS DE CATALUNYA N\u00ba 1276 Un largo recorrido profesional Diplomado en dise\u00f1o con la especialidad de interiorismo y colegiado en el...<\/p>\n","protected":false},"author":1,"featured_media":0,"parent":0,"menu_order":0,"comment_status":"closed","ping_status":"closed","template":"","meta":{"_acf_changed":false,"inline_featured_image":false,"footnotes":""},"class_list":["post-14","page","type-page","status-publish","hentry"],"acf":[],"yoast_head":"<!-- This site is optimized with the Yoast SEO plugin v27.5 - https:\/\/yoast.com\/product\/yoast-seo-wordpress\/ -->\n<title>Despacho - Albert Salvia - Dissenyador d&#039;interiors<\/title>\n<meta name=\"robots\" content=\"index, follow, max-snippet:-1, max-image-preview:large, max-video-preview:-1\" \/>\n<link rel=\"canonical\" href=\"https:\/\/www.albertsalvia.com\/es\/despacho\/\" \/>\n<meta property=\"og:locale\" content=\"es_ES\" \/>\n<meta property=\"og:type\" content=\"article\" \/>\n<meta property=\"og:title\" content=\"Despacho - Albert Salvia - Dissenyador d&#039;interiors\" \/>\n<meta property=\"og:description\" content=\"ALBERT SALVIAdise\u00f1ador de interiores COL\u00b7LEGI DE DISSENYADORS D\u2019INTERIORS I DECORADORS DE CATALUNYA N\u00ba 1276 Un largo recorrido profesional Diplomado en dise\u00f1o con la especialidad de interiorismo y colegiado en el...\" \/>\n<meta property=\"og:url\" content=\"https:\/\/www.albertsalvia.com\/es\/despacho\/\" \/>\n<meta property=\"og:site_name\" content=\"Albert Salvia\" \/>\n<meta property=\"article:modified_time\" content=\"2022-12-30T18:20:19+00:00\" \/>\n<meta name=\"twitter:card\" content=\"summary_large_image\" \/>\n<meta name=\"twitter:label1\" content=\"Tiempo de lectura\" \/>\n\t<meta name=\"twitter:data1\" content=\"2 minutos\" \/>\n<script type=\"application\/ld+json\" class=\"yoast-schema-graph\">{\"@context\":\"https:\\\/\\\/schema.org\",\"@graph\":[{\"@type\":\"WebPage\",\"@id\":\"https:\\\/\\\/www.albertsalvia.com\\\/es\\\/despacho\\\/\",\"url\":\"https:\\\/\\\/www.albertsalvia.com\\\/es\\\/despacho\\\/\",\"name\":\"Despacho - Albert Salvia - Dissenyador d&#039;interiors\",\"isPartOf\":{\"@id\":\"https:\\\/\\\/www.albertsalvia.com\\\/es\\\/#website\"},\"datePublished\":\"2022-05-28T18:10:53+00:00\",\"dateModified\":\"2022-12-30T18:20:19+00:00\",\"breadcrumb\":{\"@id\":\"https:\\\/\\\/www.albertsalvia.com\\\/es\\\/despacho\\\/#breadcrumb\"},\"inLanguage\":\"es\",\"potentialAction\":[{\"@type\":\"ReadAction\",\"target\":[\"https:\\\/\\\/www.albertsalvia.com\\\/es\\\/despacho\\\/\"]}]},{\"@type\":\"BreadcrumbList\",\"@id\":\"https:\\\/\\\/www.albertsalvia.com\\\/es\\\/despacho\\\/#breadcrumb\",\"itemListElement\":[{\"@type\":\"ListItem\",\"position\":1,\"name\":\"Portada\",\"item\":\"https:\\\/\\\/www.albertsalvia.com\\\/es\\\/\"},{\"@type\":\"ListItem\",\"position\":2,\"name\":\"Despacho\"}]},{\"@type\":\"WebSite\",\"@id\":\"https:\\\/\\\/www.albertsalvia.com\\\/es\\\/#website\",\"url\":\"https:\\\/\\\/www.albertsalvia.com\\\/es\\\/\",\"name\":\"Albert Salvia\",\"description\":\"Dissenyador d&#039;interiors\",\"potentialAction\":[{\"@type\":\"SearchAction\",\"target\":{\"@type\":\"EntryPoint\",\"urlTemplate\":\"https:\\\/\\\/www.albertsalvia.com\\\/es\\\/?s={search_term_string}\"},\"query-input\":{\"@type\":\"PropertyValueSpecification\",\"valueRequired\":true,\"valueName\":\"search_term_string\"}}],\"inLanguage\":\"es\"}]}<\/script>\n<!-- \/ Yoast SEO plugin. -->","yoast_head_json":{"title":"Despacho - Albert Salvia - Dissenyador d&#039;interiors","robots":{"index":"index","follow":"follow","max-snippet":"max-snippet:-1","max-image-preview":"max-image-preview:large","max-video-preview":"max-video-preview:-1"},"canonical":"https:\/\/www.albertsalvia.com\/es\/despacho\/","og_locale":"es_ES","og_type":"article","og_title":"Despacho - Albert Salvia - Dissenyador d&#039;interiors","og_description":"ALBERT SALVIAdise\u00f1ador de interiores COL\u00b7LEGI DE DISSENYADORS D\u2019INTERIORS I DECORADORS DE CATALUNYA N\u00ba 1276 Un largo recorrido profesional Diplomado en dise\u00f1o con la especialidad de interiorismo y colegiado en el...","og_url":"https:\/\/www.albertsalvia.com\/es\/despacho\/","og_site_name":"Albert Salvia","article_modified_time":"2022-12-30T18:20:19+00:00","twitter_card":"summary_large_image","twitter_misc":{"Tiempo de lectura":"2 minutos"},"schema":{"@context":"https:\/\/schema.org","@graph":[{"@type":"WebPage","@id":"https:\/\/www.albertsalvia.com\/es\/despacho\/","url":"https:\/\/www.albertsalvia.com\/es\/despacho\/","name":"Despacho - Albert Salvia - Dissenyador d&#039;interiors","isPartOf":{"@id":"https:\/\/www.albertsalvia.com\/es\/#website"},"datePublished":"2022-05-28T18:10:53+00:00","dateModified":"2022-12-30T18:20:19+00:00","breadcrumb":{"@id":"https:\/\/www.albertsalvia.com\/es\/despacho\/#breadcrumb"},"inLanguage":"es","potentialAction":[{"@type":"ReadAction","target":["https:\/\/www.albertsalvia.com\/es\/despacho\/"]}]},{"@type":"BreadcrumbList","@id":"https:\/\/www.albertsalvia.com\/es\/despacho\/#breadcrumb","itemListElement":[{"@type":"ListItem","position":1,"name":"Portada","item":"https:\/\/www.albertsalvia.com\/es\/"},{"@type":"ListItem","position":2,"name":"Despacho"}]},{"@type":"WebSite","@id":"https:\/\/www.albertsalvia.com\/es\/#website","url":"https:\/\/www.albertsalvia.com\/es\/","name":"Albert Salvia","description":"Dissenyador d&#039;interiors","potentialAction":[{"@type":"SearchAction","target":{"@type":"EntryPoint","urlTemplate":"https:\/\/www.albertsalvia.com\/es\/?s={search_term_string}"},"query-input":{"@type":"PropertyValueSpecification","valueRequired":true,"valueName":"search_term_string"}}],"inLanguage":"es"}]}},"_links":{"self":[{"href":"https:\/\/www.albertsalvia.com\/es\/wp-json\/wp\/v2\/pages\/14","targetHints":{"allow":["GET"]}}],"collection":[{"href":"https:\/\/www.albertsalvia.com\/es\/wp-json\/wp\/v2\/pages"}],"about":[{"href":"https:\/\/www.albertsalvia.com\/es\/wp-json\/wp\/v2\/types\/page"}],"author":[{"embeddable":true,"href":"https:\/\/www.albertsalvia.com\/es\/wp-json\/wp\/v2\/users\/1"}],"replies":[{"embeddable":true,"href":"https:\/\/www.albertsalvia.com\/es\/wp-json\/wp\/v2\/comments?post=14"}],"version-history":[{"count":5,"href":"https:\/\/www.albertsalvia.com\/es\/wp-json\/wp\/v2\/pages\/14\/revisions"}],"predecessor-version":[{"id":1141,"href":"https:\/\/www.albertsalvia.com\/es\/wp-json\/wp\/v2\/pages\/14\/revisions\/1141"}],"wp:attachment":[{"href":"https:\/\/www.albertsalvia.com\/es\/wp-json\/wp\/v2\/media?parent=14"}],"curies":[{"name":"wp","href":"https:\/\/api.w.org\/{rel}","templated":true}]}}